{"id":678,"date":"2019-10-24T19:31:47","date_gmt":"2019-10-25T00:31:47","guid":{"rendered":"http:\/\/www.den-group.com\/newden\/?page_id=678"},"modified":"2019-11-14T21:38:07","modified_gmt":"2019-11-15T02:38:07","slug":"inicio","status":"publish","type":"page","link":"https:\/\/www.den-group.com\/newden\/inicio\/","title":{"rendered":"Inicio"},"content":{"rendered":"<p>[vc_section full_width=\u00bbstretch_row_content\u00bb content_placement=\u00bbmiddle\u00bb css=\u00bb.vc_custom_1573695168776{padding-top: 0px !important;background-color: #141414 !important;background-position: center !important;background-repeat: no-repeat !important;background-size: cover !important;}\u00bb][vc_row full_width=\u00bbstretch_row_content_no_spaces\u00bb content_placement=\u00bbmiddle\u00bb css_animation=\u00bbfadeIn\u00bb][vc_column]\n\t\t\t<!-- START VIDEOINICIO REVOLUTION SLIDER 6.1.1 --><p class=\"rs-p-wp-fix\"><\/p>\n\t\t\t<rs-module-wrap id=\"rev_slider_7_1_wrapper\" data-source=\"gallery\" style=\"background:transparent;padding:0;margin:0px auto;margin-top:0;margin-bottom:0;\">\n\t\t\t\t<rs-module id=\"rev_slider_7_1\" style=\"display:none;\" data-version=\"6.1.1\">\n\t\t\t\t\t<rs-slides>\n\t\t\t\t\t\t<rs-slide data-key=\"rs-33\" data-title=\"Slide\" data-anim=\"ei:d;eo:d;s:1000;r:0;t:fade;sl:0;\">\n\t\t\t\t\t\t\t<img src=\"\/\/www.den-group.com\/newden\/wp-content\/plugins\/revslider\/public\/assets\/assets\/transparent.png\" title=\"Inicio\" class=\"rev-slidebg\" data-no-retina>\n<!--\n\t\t\t\t\t\t\t--><rs-layer\n\t\t\t\t\t\t\t\tid=\"slider-7-slide-33-layer-1\" \n\t\t\t\t\t\t\t\tclass=\"rs-layer-video\"\n\t\t\t\t\t\t\t\tdata-type=\"video\"\n\t\t\t\t\t\t\t\tdata-rsp_ch=\"on\"\n\t\t\t\t\t\t\t\tdata-xy=\"x:c;y:c;\"\n\t\t\t\t\t\t\t\tdata-text=\"w:normal;\"\n\t\t\t\t\t\t\t\tdata-dim=\"w:2067;h:1550px;\"\n\t\t\t\t\t\t\t\tdata-video=\"vd:100;noint:t;l:true;ptimer:true;nse:f;\"\n\t\t\t\t\t\t\t\tdata-ytid=\"4Ai3mlR_zC4\"\n\t\t\t\t\t\t\t\tdata-vatr=\"version=3&amp;enablejsapi=1&amp;html5=1&amp;hd=1&amp;wmode=opaque&amp;showinfo=0&amp;rel=0&amp;origin=https:\/\/www.den-group.com;\"\n\t\t\t\t\t\t\t\tdata-frame_999=\"o:0;st:w;\"\n\t\t\t\t\t\t\t\tstyle=\"z-index:5;font-family:Roboto;\"\n\t\t\t\t\t\t\t>\n\t\t\t\t\t\t\t<\/rs-layer><!--\n-->\t\t\t\t\t\t<\/rs-slide>\n\t\t\t\t\t<\/rs-slides>\n\t\t\t\t\t<rs-progress class=\"rs-bottom\" style=\"visibility: hidden !important;\"><\/rs-progress>\n\t\t\t\t<\/rs-module>\n\t\t\t\t<script type=\"text\/javascript\">\n\t\t\t\t\tsetREVStartSize({c: 'rev_slider_7_1',rl:[1900,1024,778,480],el:[1140],gw:[1900],gh:[1140],layout:'fullwidth',mh:\"0\"});\n\t\t\t\t\tvar\trevapi7,\n\t\t\t\t\t\ttpj;\n\t\t\t\t\tjQuery(function() {\n\t\t\t\t\t\ttpj = jQuery;\n\t\t\t\t\t\tif(tpj(\"#rev_slider_7_1\").revolution == undefined){\n\t\t\t\t\t\t\trevslider_showDoubleJqueryError(\"#rev_slider_7_1\");\n\t\t\t\t\t\t}else{\n\t\t\t\t\t\t\trevapi7 = tpj(\"#rev_slider_7_1\").show().revolution({\n\t\t\t\t\t\t\t\tsliderType:\"hero\",\n\t\t\t\t\t\t\t\tjsFileLocation:\"\/\/www.den-group.com\/newden\/wp-content\/plugins\/revslider\/public\/assets\/js\/\",\n\t\t\t\t\t\t\t\tsliderLayout:\"fullwidth\",\n\t\t\t\t\t\t\t\tvisibilityLevels:\"1900,1024,778,480\",\n\t\t\t\t\t\t\t\tgridwidth:1900,\n\t\t\t\t\t\t\t\tgridheight:1140,\n\t\t\t\t\t\t\t\tminHeight:\"\",\n\t\t\t\t\t\t\t\teditorheight:\"1140,768,960,720\",\n\t\t\t\t\t\t\t\tresponsiveLevels:\"1900,1024,778,480\",\n\t\t\t\t\t\t\t\tdisableProgressBar:\"on\",\n\t\t\t\t\t\t\t\tnavigation: {\n\t\t\t\t\t\t\t\t\tonHoverStop:false\n\t\t\t\t\t\t\t\t},\n\t\t\t\t\t\t\t\tfallbacks: {\n\t\t\t\t\t\t\t\t\tallowHTML5AutoPlayOnAndroid:true\n\t\t\t\t\t\t\t\t},\n\t\t\t\t\t\t\t});\n\t\t\t\t\t\t}\n\t\t\t\t\t\t\n\t\t\t\t\t});\n\t\t\t\t<\/script>\n\t\t\t<\/rs-module-wrap>\n\t\t\t<!-- END REVOLUTION SLIDER -->\n[\/vc_column][\/vc_row][\/vc_section][vc_section full_width=\u00bbstretch_row\u00bb content_placement=\u00bbmiddle\u00bb css=\u00bb.vc_custom_1570673557491{padding-top: 75px !important;background-position: center !important;background-repeat: no-repeat !important;background-size: cover !important;}\u00bb][vc_row full_width=\u00bbstretch_row\u00bb content_placement=\u00bbmiddle\u00bb css_animation=\u00bbfadeIn\u00bb][vc_column width=\u00bb1\/2&#8243;][vc_column_text css_animation=\u00bbleft-to-right\u00bb css=\u00bb.vc_custom_1570673114770{margin-right: 10px !important;}\u00bb]<\/p>\n<h3>DE CLASE MUNDIAL<\/h3>\n<p style=\"text-align: justify;\"><em>DEN GROUP,<\/em> con or\u00edgenes en Taiw\u00e1n, abri\u00f3 su divisi\u00f3n de las Am\u00e9ricas en Miami, Florida, EE.UU, en 1982. Ingres\u00f3 al mercado de casinos peruano bajo el liderazgo de su director Mr. PAUL DEN en 1998, con una sala de juegos ubicada en el coraz\u00f3n del centro de Lima.<\/p>\n<p style=\"text-align: justify;\">Despu\u00e9s de 10 a\u00f1os de iniciar sus operaciones como casino, <em>DEN GROUP<\/em> abri\u00f3 numerosas instalaciones de juego a mediana y gran escala, equipadas con miles de los modelos m\u00e1s nuevos de m\u00e1quinas tragamonedas estadounidenses, europeas y australianas. Posteriormente, al construir su propio casino y hotel de 5 estrellas, logr\u00f3 firmar un acuerdo de franquicia con la mundialmente reconocida cadena de hoteles Hilton. Actualmente es el \u00fanico establecimiento de hotel \/ casino creado y administrado por una sola compa\u00f1\u00eda.<\/p>\n<p>[\/vc_column_text][\/vc_column][vc_column width=\u00bb1\/2&#8243;][vc_images_carousel images=\u00bb635,473,468,463,466,412&#8243; img_size=\u00bb600&#215;650&#8243; speed=\u00bb3000&#8243; autoplay=\u00bbyes\u00bb hide_pagination_control=\u00bbyes\u00bb hide_prev_next_buttons=\u00bbyes\u00bb wrap=\u00bbyes\u00bb css_animation=\u00bbright-to-left\u00bb][\/vc_column][\/vc_row][\/vc_section][vc_section full_width=\u00bbstretch_row\u00bb content_placement=\u00bbmiddle\u00bb css=\u00bb.vc_custom_1570555005464{padding-top: 55px !important;padding-bottom: 20px !important;background-color: #202020 !important;background-position: center !important;background-repeat: no-repeat !important;background-size: cover !important;}\u00bb el_id=\u00bbcontacto\u00bb][vc_row full_width=\u00bbstretch_row\u00bb content_placement=\u00bbtop\u00bb][vc_column css_animation=\u00bbtop-to-bottom\u00bb width=\u00bb1\/4&#8243;][vc_single_image image=\u00bb435&#8243; img_size=\u00bbfull\u00bb alignment=\u00bbcenter\u00bb css=\u00bb.vc_custom_1570555032741{margin-bottom: 0px !important;}\u00bb][\/vc_column][vc_column css_animation=\u00bbtop-to-bottom\u00bb width=\u00bb1\/4&#8243;][vc_column_text]<\/p>\n<p style=\"color: #ffffff; margin-bottom: 5px;\"><strong>DIRECCI\u00d3N<\/strong><\/p>\n<p style=\"color: #ffffff; font-size: 12px;\">Calle Monte Rosa 287<br \/>\nUrb. Chacarilla, Surco<br \/>\nLima, Per\u00fa<\/p>\n<p>[\/vc_column_text][\/vc_column][vc_column css_animation=\u00bbtop-to-bottom\u00bb width=\u00bb1\/4&#8243;][vc_column_text]<\/p>\n<p style=\"color: #ffffff; margin-bottom: 5px;\"><strong>TEL\u00c9FONOS<\/strong><\/p>\n<p style=\"color: #ffffff; font-size: 12px;\">(511) 208 9400<br \/>\nAnexos 405 \/ 410<\/p>\n<p style=\"color: #ffffff; margin-bottom: 5px;\"><strong>CORREO<\/strong><\/p>\n<p><a style=\"color: #ffffff; font-size: 12px;\" href=\"mailto:restobar.hgisurco@den-group.com\">restobar.hgisurco@den-group.com<\/a>[\/vc_column_text][\/vc_column][vc_column css_animation=\u00bbtop-to-bottom\u00bb width=\u00bb1\/4&#8243;][vc_column_text]<\/p>\n<p style=\"color: #ffffff; margin-bottom: 5px;\"><strong>S\u00cdGUENOS EN<\/strong><\/p>\n<p><img loading=\"lazy\" class=\"alignnone size-full wp-image-418\" src=\"http:\/\/www.den-group.com\/newden\/wp-content\/uploads\/2019\/09\/fb.png\" alt=\"\" width=\"25\" height=\"25\" \/> <a style=\"color: #ffffff; font-size: 12px;\" href=\"https:\/\/www.facebook.com\/HiltonGardenInnLimaSurco\/\" target=\"_blank\" rel=\"noopener noreferrer\">\/HiltonGardenInnLimaSurco<\/a>[\/vc_column_text][\/vc_column][\/vc_row][\/vc_section]<\/p>\n","protected":false},"excerpt":{"rendered":"<p>[vc_section full_width=\u00bbstretch_row_content\u00bb content_placement=\u00bbmiddle\u00bb css=\u00bb.vc_custom_1573695168776{padding-top: 0px !important;background-color: #141414 !important;background-position: center !important;background-repeat: no-repeat !important;background-size: cover !important;}\u00bb][vc_row full_width=\u00bbstretch_row_content_no_spaces\u00bb content_placement=\u00bbmiddle\u00bb css_animation=\u00bbfadeIn\u00bb][vc_column][\/vc_column][\/vc_row][\/vc_section][vc_section full_width=\u00bbstretch_row\u00bb content_placement=\u00bbmiddle\u00bb css=\u00bb.vc_custom_1570673557491{padding-top: 75px !important;background-position: center !important;background-repeat: no-repeat !important;background-size:<span class=\"excerpt-hellip\"> [\u2026]<\/span><\/p>\n","protected":false},"author":1,"featured_media":0,"parent":0,"menu_order":0,"comment_status":"closed","ping_status":"closed","template":"","meta":{"_coblocks_attr":"","_coblocks_dimensions":"","_coblocks_responsive_height":"","_coblocks_accordion_ie_support":""},"_links":{"self":[{"href":"https:\/\/www.den-group.com\/newden\/wp-json\/wp\/v2\/pages\/678"}],"collection":[{"href":"https:\/\/www.den-group.com\/newden\/wp-json\/wp\/v2\/pages"}],"about":[{"href":"https:\/\/www.den-group.com\/newden\/wp-json\/wp\/v2\/types\/page"}],"author":[{"embeddable":true,"href":"https:\/\/www.den-group.com\/newden\/wp-json\/wp\/v2\/users\/1"}],"replies":[{"embeddable":true,"href":"https:\/\/www.den-group.com\/newden\/wp-json\/wp\/v2\/comments?post=678"}],"version-history":[{"count":9,"href":"https:\/\/www.den-group.com\/newden\/wp-json\/wp\/v2\/pages\/678\/revisions"}],"predecessor-version":[{"id":813,"href":"https:\/\/www.den-group.com\/newden\/wp-json\/wp\/v2\/pages\/678\/revisions\/813"}],"wp:attachment":[{"href":"https:\/\/www.den-group.com\/newden\/wp-json\/wp\/v2\/media?parent=678"}],"curies":[{"name":"wp","href":"https:\/\/api.w.org\/{rel}","templated":true}]}}